{"id":25,"date":"2020-12-13T15:32:15","date_gmt":"2020-12-13T15:32:15","guid":{"rendered":"https:\/\/pilates-kettwig.de\/?page_id=25"},"modified":"2026-01-25T19:54:44","modified_gmt":"2026-01-25T19:54:44","slug":"ueber-mich","status":"publish","type":"page","link":"https:\/\/pilates-kettwig.de\/pilates-kettwig\/ueber-mich\/","title":{"rendered":"Team"},"content":{"rendered":"\n<p><strong>Susanne Kemper<\/strong><\/p>\n\n\n\n<p>Der Tanz begleitet mich seit meinem vierten Lebensjahr, als ich im Kinderballett meine ersten Schritte machte. Schon fr\u00fch faszinierte mich das Berufsbild der Tanzp\u00e4dagogin, dennoch entschied ich mich nach dem Abitur zun\u00e4chst f\u00fcr eine klassische Ausbildung zur Bankkauffrau.<\/p>\n\n\n\n<p>Doch die Liebe zum Tanz blieb st\u00e4rker. Schlie\u00dflich begann ich meine Ausbildung zur Tanzp\u00e4dagogin an der Berufsfachschule f\u00fcr B\u00fchnentanz und Tanzp\u00e4dagogik Pergel in D\u00fcsseldorf und schloss diese 1994 ab \u2013 zu dieser Zeit war ich bereits Mutter einer Tochter.<\/p>\n\n\n\n<p>Bereits w\u00e4hrend meiner Ausbildungszeit unterrichtete ich als freie Tanzp\u00e4dagogin Kinder und Erwachsene. 2004 trat Pilates durch eine Mattenausbildung bei Pilates Bodymotion in K\u00f6ln in mein Leben. Zahlreiche weitere Aus- und Fortbildungen folgten, unter anderem mit Kleinger\u00e4ten, am Allegro (Reformer) sowie an verschiedenen Studioger\u00e4ten.<\/p>\n\n\n\n<p>Von 2003 bis 2010 leitete ich das <em>Zentrum Tanz und Bewegung<\/em> in Wuppertal, zun\u00e4chst gemeinsam mit einer Gesch\u00e4ftspartnerin, sp\u00e4ter allein. Mit der Zeit nahmen die administrativen Aufgaben jedoch so viel Raum ein, dass meine eigentliche Leidenschaft \u2013 das Unterrichten \u2013 zu kurz kam. Daher entschied ich mich, neue Wege zu gehen.<\/p>\n\n\n\n<p>Heute arbeite ich wieder als freie Tanzp\u00e4dagogin und Pilatestrainerin. Ich nutze vielf\u00e4ltige M\u00f6glichkeiten zur stetigen Weiterbildung und habe mein Spektrum zudem um Ausbildungen zur Yogalehrerin und Pr\u00e4ventionstrainerin erweitert.<\/p>\n\n\n\n<p>Tanz, Pilates und Yoga sind f\u00fcr mich weit mehr als Berufe \u2013 sie sind ein wesentlicher Teil meines Lebens. Diese Freude und Begeisterung m\u00f6chte ich auf gesunde und achtsame Weise mit anderen teilen.<\/p>\n\n\n\n<p><\/p>\n\n\n\n<figure class=\"wp-block-image size-full is-resized\"><img loading=\"lazy\" decoding=\"async\" width=\"411\" height=\"500\" src=\"https:\/\/pilates-kettwig.de\/wp-content\/uploads\/2025\/11\/image.png\" alt=\"\" class=\"wp-image-346\" style=\"width:448px;height:auto\" srcset=\"https:\/\/pilates-kettwig.de\/wp-content\/uploads\/2025\/11\/image.png 411w, https:\/\/pilates-kettwig.de\/wp-content\/uploads\/2025\/11\/image-247x300.png 247w\" sizes=\"auto, (max-width: 411px) 100vw, 411px\" \/><\/figure>\n\n\n\n<p><strong>Maria Paula Marr\u00e9<\/strong><\/p>\n\n\n\n<p>Berufsabschluss<br>Fremdsprachenkorrespondentin f\u00fcr Englisch und<br>Spanisch (2019)<br>Tanzp\u00e4dagogin (2023)<br>B\u00fchnent\u00e4nzerin (2023)<br>Berufserfahrung und Nebent\u00e4tigkeiten<br>2021 bis heute Tanzp\u00e4dagogin an der Tanzschule Dance and More in Essen,<br>Tanzvisionen in M\u00fclheim a.d.R.<br>2009 bis 2011 Teilnahme am Ballettst\u00fcck ,,La Sylphide\u201c, Aalto Theater Essen<br>2010 bis 2013 Teilnahme am Ballettst\u00fcck ,,Tanzhommage an Queen\u201c, Aalto Theater Essen<br>2016 bis 2019 Aushilfe im Restaurantbetrieb ,,Sattgr\u00fcn\u201c in Essen<br>02.2017 \u2013 03.2017 Praktikum bei Klarlogo in D\u00fcsseldorf f\u00fcr \u201aMediengestaltung in Bild und Ton\u2018<br>07.2018 \u2013 08.2018 Kaufm\u00e4nnische Assistentin in der Klinik \u201eClinica Santa Isabel\u201c in Lima, Peru<br>2022 Teilnahme am Musical \u201eCinderella\u201c der Sinclair Arts Company<br>2024 K\u00fcnstlerische Videozusammenfassung der Studie \u201eKommRhein Interpro\u201c<br>des Uniklinikums D\u00fcsseldorf<br>2025 Teilnahme in \u201eOrpheus in der Unterwelt\u201c, neue Operette D\u00fcsseldorf<br>2025 Teil der Hip Hop Formation Team Legit<br>Schulbildung<br>2008 bis 2016 Gymnasium Essen-Werden, Tanzklasse (Tanz als Vorausbildung)<br>2017 bis 2019 Ausbildung am Robert Schuman Berufskolleg in Essen<br>2019 bis 2023 Ausbildung an der Schule f\u00fcr B\u00fchnentanz Pergel-Ernst in D\u00fcsseldorf<br>Stile<br>Klassischer Tanz \/ Ballett (Waganowa), Kindertanz, Commercial<br>Charaktertanz, Folklore, Hip Hop<br>Jazz, Musical,<br>Modern, Contemporary,<\/p>\n\n\n\n<p>Sprachen<br>Deutsch, Spanisch, Englisch (C1), Italienisch (B1), Franz\u00f6sisch (A1)<\/p>\n\n\n\n<figure class=\"wp-block-image size-large is-resized\"><img loading=\"lazy\" decoding=\"async\" width=\"768\" height=\"1024\" src=\"https:\/\/pilates-kettwig.de\/wp-content\/uploads\/2025\/11\/WhatsApp-Bild-2025-11-07-um-08.58.03_11861943-768x1024.jpg\" alt=\"\" class=\"wp-image-349\" style=\"width:444px;height:auto\" srcset=\"https:\/\/pilates-kettwig.de\/wp-content\/uploads\/2025\/11\/WhatsApp-Bild-2025-11-07-um-08.58.03_11861943-768x1024.jpg 768w, https:\/\/pilates-kettwig.de\/wp-content\/uploads\/2025\/11\/WhatsApp-Bild-2025-11-07-um-08.58.03_11861943-225x300.jpg 225w, https:\/\/pilates-kettwig.de\/wp-content\/uploads\/2025\/11\/WhatsApp-Bild-2025-11-07-um-08.58.03_11861943-1152x1536.jpg 1152w, https:\/\/pilates-kettwig.de\/wp-content\/uploads\/2025\/11\/WhatsApp-Bild-2025-11-07-um-08.58.03_11861943.jpg 1536w\" sizes=\"auto, (max-width: 768px) 100vw, 768px\" \/><\/figure>\n\n\n\n<p><strong>Franziska Hinkelmann<\/strong><\/p>\n\n\n\n<p>Ich bin Franziska Hinkelmann, Gesundheits- und Krankenpflegerin und Lehrerin in einer Krankenpflegeschule \u2013 und begeisterte Pilates-Liebhaberin.<\/p>\n\n\n\n<p>Was als pers\u00f6nlicher Ausgleich im Alltag begann, wurde schnell zu einer echten Leidenschaft.<\/p>\n\n\n\n<p>Somit habe ich mich entschieden, diesen Weg weiterzugehen und die Ausbildung zur Pilates-Trainerin zu absolvieren.<\/p>\n\n\n\n<p>Mein Wissen vertiefe ich fortlaufend, unter anderem im Bereich Beckenboden- und Sturzprophylaxe Training sowie dem Pilates Reformer. Hinzu kommt die Weiterbildung zur Pr\u00e4ventionstrainerin.<\/p>\n\n\n\n<p>Ich liebe es, Bewegung und Gesundheit zu verbinden \u2013 achtsam, individuell und mit einem ganzheitlichen Blick auf K\u00f6rper und Geist.<\/p>\n\n\n\n<figure class=\"wp-block-image size-full is-resized\"><img loading=\"lazy\" decoding=\"async\" width=\"640\" height=\"480\" src=\"https:\/\/pilates-kettwig.de\/wp-content\/uploads\/2026\/01\/eun-sik-web-foto.jpeg\" alt=\"\" class=\"wp-image-372\" style=\"width:536px;height:auto\" srcset=\"https:\/\/pilates-kettwig.de\/wp-content\/uploads\/2026\/01\/eun-sik-web-foto.jpeg 640w, https:\/\/pilates-kettwig.de\/wp-content\/uploads\/2026\/01\/eun-sik-web-foto-300x225.jpeg 300w\" sizes=\"auto, (max-width: 640px) 100vw, 640px\" \/><\/figure>\n\n\n\n<p><strong>Eun-Sik Park Wacker<\/strong><\/p>\n\n\n\n<p><\/p>\n\n\n\n<p>1988 Bachelor of Arts \/ Dance an der Sejong Universit\u00e4t in Seoul\/Korea<\/p>\n\n\n\n<p>1999 Abschluss \/ Bachelor of Arts des Studiums B\u00fchnentanz an der Folkwang Universit\u00e4t der K\u00fcnste<\/p>\n\n\n\n<p>1999 \u2013 2010 T\u00e4nzerin bei Pina Bausch(Gastt\u00e4nzerin), Mark Sieczkarek, Folkwang Tanzstudio und St\u00e4dtischen B\u00fchnen M\u00fcnster<\/p>\n\n\n\n<p>2010-2020 Choreografin der St\u00fccke Hangang Blues, Stay, Lonely Rabbit (on a crowded moon), iDream\/Morpheus<\/p>\n\n\n\n<p>die St\u00fccke wurden unterst\u00fctzt durch das Essener Kulturb\u00fcro, die Bezirksregierung D\u00fcsseldorf, die Kunststiftung NRW und das Landesb\u00fcro Freie Kultur.<\/p>\n\n\n\n<p>Ab 2016 Arbeit als zertifizierte Pilates- Trainerin an der Folkwang Universit\u00e4t, sowie in privaten Kursen.<\/p>\n","protected":false},"excerpt":{"rendered":"<p>Susanne Kemper Der Tanz begleitet mich seit meinem vierten Lebensjahr, als ich im Kinderballett meine ersten Schritte machte. Schon fr\u00fch faszinierte mich das Berufsbild der Tanzp\u00e4dagogin, dennoch entschied ich mich nach dem Abitur zun\u00e4chst f\u00fcr eine klassische Ausbildung zur Bankkauffrau. Doch die Liebe zum Tanz blieb st\u00e4rker. Schlie\u00dflich begann ich meine Ausbildung zur Tanzp\u00e4dagogin an&hellip; <a class=\"more-link\" href=\"https:\/\/pilates-kettwig.de\/pilates-kettwig\/ueber-mich\/\"><span class=\"screen-reader-text\">Team<\/span> weiterlesen<\/a><\/p>\n","protected":false},"author":1,"featured_media":74,"parent":0,"menu_order":0,"comment_status":"closed","ping_status":"closed","template":"","meta":{"footnotes":""},"class_list":["post-25","page","type-page","status-publish","has-post-thumbnail","hentry","entry"],"_links":{"self":[{"href":"https:\/\/pilates-kettwig.de\/pilates-kettwig\/wp-json\/wp\/v2\/pages\/25","targetHints":{"allow":["GET"]}}],"collection":[{"href":"https:\/\/pilates-kettwig.de\/pilates-kettwig\/wp-json\/wp\/v2\/pages"}],"about":[{"href":"https:\/\/pilates-kettwig.de\/pilates-kettwig\/wp-json\/wp\/v2\/types\/page"}],"author":[{"embeddable":true,"href":"https:\/\/pilates-kettwig.de\/pilates-kettwig\/wp-json\/wp\/v2\/users\/1"}],"replies":[{"embeddable":true,"href":"https:\/\/pilates-kettwig.de\/pilates-kettwig\/wp-json\/wp\/v2\/comments?post=25"}],"version-history":[{"count":11,"href":"https:\/\/pilates-kettwig.de\/pilates-kettwig\/wp-json\/wp\/v2\/pages\/25\/revisions"}],"predecessor-version":[{"id":373,"href":"https:\/\/pilates-kettwig.de\/pilates-kettwig\/wp-json\/wp\/v2\/pages\/25\/revisions\/373"}],"wp:featuredmedia":[{"embeddable":true,"href":"https:\/\/pilates-kettwig.de\/pilates-kettwig\/wp-json\/wp\/v2\/media\/74"}],"wp:attachment":[{"href":"https:\/\/pilates-kettwig.de\/pilates-kettwig\/wp-json\/wp\/v2\/media?parent=25"}],"curies":[{"name":"wp","href":"https:\/\/api.w.org\/{rel}","templated":true}]}}