{"id":14,"date":"2020-12-13T15:32:15","date_gmt":"2020-12-13T15:32:15","guid":{"rendered":"https:\/\/pilates-kettwig.de\/?page_id=14"},"modified":"2025-06-22T18:04:00","modified_gmt":"2025-06-22T18:04:00","slug":"pilates-kettwig","status":"publish","type":"page","link":"https:\/\/pilates-kettwig.de\/pilates-kettwig\/","title":{"rendered":"Pilates Kettwig"},"content":{"rendered":"\n<p>Hallo,<\/p>\n\n\n\n<p>ich freue mich, dass Du meine Seite besuchst.<\/p>\n\n\n\n<p>Willst Du endlich durchstarten, dabei individuell betreut werden und in einer kleinen Gruppe aktiv sein?<\/p>\n\n\n\n<p>Dann bist Du bei mir richtig!<\/p>\n\n\n\n<p>Im ersten und dritten Quartal des Jahres starten regelm\u00e4\u00dfig Pr\u00e4ventionskurse, zertifiziert gem\u00e4\u00df \u00a720 SGB V, Es besteht die M\u00f6glichkeit der Bezuschussung durch die gesetzlichen Krankenkassen. Die Kurse k\u00f6nnen auch ohne die Inanspruchnahme der Bezuschussung besucht werden.<\/p>\n\n\n\n<p>Ich freue mich auf Dich!<\/p>\n\n\n\n<p><\/p>\n\n\n\n<p>Kontakt: Mobil und WhatsApp: 0171 5161156,<\/p>\n\n\n\n<p>E-Mail: mail@pilates-kettwig.de<\/p>\n\n\n\n<p><\/p>\n","protected":false},"excerpt":{"rendered":"<p>Hallo, ich freue mich, dass Du meine Seite besuchst. Willst Du endlich durchstarten, dabei individuell betreut werden und in einer kleinen Gruppe aktiv sein? Dann bist Du bei mir richtig! Im ersten und dritten Quartal des Jahres starten regelm\u00e4\u00dfig Pr\u00e4ventionskurse, zertifiziert gem\u00e4\u00df \u00a720 SGB V, Es besteht die M\u00f6glichkeit der Bezuschussung durch die gesetzlichen Krankenkassen.&hellip; <a class=\"more-link\" href=\"https:\/\/pilates-kettwig.de\/pilates-kettwig\/\"><span class=\"screen-reader-text\">Pilates Kettwig<\/span> weiterlesen<\/a><\/p>\n","protected":false},"author":1,"featured_media":0,"parent":0,"menu_order":1,"comment_status":"closed","ping_status":"closed","template":"","meta":{"footnotes":""},"class_list":["post-14","page","type-page","status-publish","hentry","entry"],"_links":{"self":[{"href":"https:\/\/pilates-kettwig.de\/pilates-kettwig\/wp-json\/wp\/v2\/pages\/14","targetHints":{"allow":["GET"]}}],"collection":[{"href":"https:\/\/pilates-kettwig.de\/pilates-kettwig\/wp-json\/wp\/v2\/pages"}],"about":[{"href":"https:\/\/pilates-kettwig.de\/pilates-kettwig\/wp-json\/wp\/v2\/types\/page"}],"author":[{"embeddable":true,"href":"https:\/\/pilates-kettwig.de\/pilates-kettwig\/wp-json\/wp\/v2\/users\/1"}],"replies":[{"embeddable":true,"href":"https:\/\/pilates-kettwig.de\/pilates-kettwig\/wp-json\/wp\/v2\/comments?post=14"}],"version-history":[{"count":24,"href":"https:\/\/pilates-kettwig.de\/pilates-kettwig\/wp-json\/wp\/v2\/pages\/14\/revisions"}],"predecessor-version":[{"id":297,"href":"https:\/\/pilates-kettwig.de\/pilates-kettwig\/wp-json\/wp\/v2\/pages\/14\/revisions\/297"}],"wp:attachment":[{"href":"https:\/\/pilates-kettwig.de\/pilates-kettwig\/wp-json\/wp\/v2\/media?parent=14"}],"curies":[{"name":"wp","href":"https:\/\/api.w.org\/{rel}","templated":true}]}}